{"id":5577,"date":"2024-04-24T14:59:54","date_gmt":"2024-04-24T14:59:54","guid":{"rendered":"https:\/\/www.rentcard.app\/?page_id=5577"},"modified":"2025-05-08T10:26:34","modified_gmt":"2025-05-08T10:26:34","slug":"erstinformation","status":"publish","type":"page","link":"https:\/\/www.rentcard.app\/de\/erstinformation\/","title":{"rendered":"erstinformation"},"content":{"rendered":"<div data-elementor-type=\"wp-page\" data-elementor-id=\"5577\" class=\"elementor elementor-5577\" data-elementor-post-type=\"page\">\n\t\t\t\t\t\t<section class=\"elementor-section elementor-top-section elementor-element elementor-element-3471356 elementor-section-boxed elementor-section-height-default elementor-section-height-default\" data-id=\"3471356\" data-element_type=\"section\">\n\t\t\t\t\t\t<div class=\"elementor-container elementor-column-gap-default\">\n\t\t\t\t\t<div class=\"elementor-column elementor-col-100 elementor-top-column elementor-element elementor-element-e3333bc\" data-id=\"e3333bc\" data-element_type=\"column\">\n\t\t\t<div class=\"elementor-widget-wrap elementor-element-populated\">\n\t\t\t\t\t\t<div class=\"elementor-element elementor-element-602a63c elementor-widget elementor-widget-heading\" data-id=\"602a63c\" data-element_type=\"widget\" data-widget_type=\"heading.default\">\n\t\t\t\t<div class=\"elementor-widget-container\">\n\t\t\t<style>\/*! elementor - v3.19.0 - 29-01-2024 *\/\n.elementor-heading-title{padding:0;margin:0;line-height:1}.elementor-widget-heading .elementor-heading-title[class*=elementor-size-]>a{color:inherit;font-size:inherit;line-height:inherit}.elementor-widget-heading .elementor-heading-title.elementor-size-small{font-size:15px}.elementor-widget-heading .elementor-heading-title.elementor-size-medium{font-size:19px}.elementor-widget-heading .elementor-heading-title.elementor-size-large{font-size:29px}.elementor-widget-heading .elementor-heading-title.elementor-size-xl{font-size:39px}.elementor-widget-heading .elementor-heading-title.elementor-size-xxl{font-size:59px}<\/style><h1 class=\"elementor-heading-title elementor-size-default\">Erstinformation<\/h1>\t\t<\/div>\n\t\t\t\t<\/div>\n\t\t\t\t<div class=\"elementor-element elementor-element-4dd4ce6 elementor-widget elementor-widget-text-editor\" data-id=\"4dd4ce6\" data-element_type=\"widget\" data-widget_type=\"text-editor.default\">\n\t\t\t\t<div class=\"elementor-widget-container\">\n\t\t\t<style>\/*! elementor - v3.19.0 - 29-01-2024 *\/\n.elementor-widget-text-editor.elementor-drop-cap-view-stacked .elementor-drop-cap{background-color:#69727d;color:#fff}.elementor-widget-text-editor.elementor-drop-cap-view-framed .elementor-drop-cap{color:#69727d;border:3px solid;background-color:transparent}.elementor-widget-text-editor:not(.elementor-drop-cap-view-default) .elementor-drop-cap{margin-top:8px}.elementor-widget-text-editor:not(.elementor-drop-cap-view-default) .elementor-drop-cap-letter{width:1em;height:1em}.elementor-widget-text-editor .elementor-drop-cap{float:left;text-align:center;line-height:1;font-size:50px}.elementor-widget-text-editor .elementor-drop-cap-letter{display:inline-block}<\/style>\t\t\t\t<p><span style=\"color: #2d2d2d; font-family: Ubuntu, sans-serif;\"><span style=\"font-size: 20px; letter-spacing: 0.4px; caret-color: #2d2d2d;\">Versicherungsvermittler-Erstinformation gem\u00e4\u00df \u00a715 VersVermV<\/span><\/span><\/p>\t\t\t\t\t\t<\/div>\n\t\t\t\t<\/div>\n\t\t\t\t\t<\/div>\n\t\t<\/div>\n\t\t\t\t\t<\/div>\n\t\t<\/section>\n\t\t\t\t<section class=\"elementor-section elementor-top-section elementor-element elementor-element-3593d11 elementor-section-boxed elementor-section-height-default elementor-section-height-default\" data-id=\"3593d11\" data-element_type=\"section\">\n\t\t\t\t\t\t<div class=\"elementor-container elementor-column-gap-default\">\n\t\t\t\t\t<div class=\"elementor-column elementor-col-100 elementor-top-column elementor-element elementor-element-e77d461\" data-id=\"e77d461\" data-element_type=\"column\">\n\t\t\t<div class=\"elementor-widget-wrap elementor-element-populated\">\n\t\t\t\t\t\t<div class=\"elementor-element elementor-element-bbf070e elementor-widget elementor-widget-text-editor\" data-id=\"bbf070e\" data-element_type=\"widget\" data-widget_type=\"text-editor.default\">\n\t\t\t\t<div class=\"elementor-widget-container\">\n\t\t\t\t\t\t\t<div>\n<h4>Firma und Anschrift des Vermittlers:<\/h4>\n<\/div>\n<div>\n<p>rentcard GmbH<br>Leopoldstra\u00dfe 169 a<br>80804 M\u00fcnchen<br>Deutschland<\/p>\n<p>Telefonnummer: +49 89 21545761<br>E-Mail: support@rentcard.app<\/p>\n<p>Handelsregister: Amtsgericht M\u00fcnchen HRB283986<br>USt-Ident-Nummer: DE361929808<\/p>\n<p><strong>Gesch\u00e4ftsf\u00fchrer:<\/strong><br>Dr. Hendrik Braun, Martin Diessner<\/p>\n<\/div>\n<p><strong>Vermittlerstatus gem\u00e4\u00df Gewerbeordnung, Erlaubnis und Registrierung:<\/strong><\/p>\n<p>Die rentcard GmbH ist im Vermittlerregister als Versicherungsvertreter mit Erlaubnis nach \u00a7 34d Abs. 1 Gewerbeordnung (GewO) mit der folgenden Registernummer eingetragen: D-YLFS-KK8SL-52<\/p>\n<p><strong>Zust\u00e4ndige Aufsichtsbeh\u00f6rde:<\/strong><\/p>\n<p>Industrie- und Handelskammer M\u00fcnchen und Oberbayern,<br>Max-Joseph-Stra\u00dfe 2, 80333 M\u00fcnchen<\/p>\n<p>Tel.: 089 5116-0<\/p>\n<p>E-Mail: <a href=\"mailto:info@muenchen.ihk.de\">info@muenchen.ihk.de<\/a><\/p>\n<p>Webseite: <a href=\"https:\/\/www.ihk-muenchen.de\/de\/\">https:\/\/www.ihk-muenchen.de\/de\/<\/a><\/p>\n<p><strong>Registerstelle:<\/strong><\/p>\n<p>Deutscher Industrie- und Handelskammer (DIHK)<br>Breite Stra\u00dfe 29<br>10178 Berlin<br>Tel.: 0180-600-585-0<br>(20 Cent\/Min aus dem deutschen Festnetz, h\u00f6chstens 60 Cent\/Minute aus Mobilfunknetzen)<br><a href=\"http:\/\/www.vermittlerregister.info\/\" target=\"_blank\" rel=\"noopener\">www.vermittlerregister.info<\/a><\/p>\n<p><strong>Beteiligungen an Versicherungsunternehmen und Mutterunternehmen von Versicherern:<\/strong><\/p>\n<p>Die rentcard GmbH h\u00e4lt keine Beteiligungen an Stimmrechten oder dem Kapital von Versicherungsunternehmen oder Mutterunternehmen von Versicherern.<\/p>\n<p><strong>Online-Schlichtung:<\/strong><\/p>\n<p>Die Europ\u00e4ische Kommission stellt eine Plattform zur Online-Streitbeilegung (OS) bereit, die Sie unter http:\/\/ec.europa.eu\/consumers\/odr. finden. Verbraucher haben die M\u00f6glichkeit, diese Plattform f\u00fcr die Beilegung ihrer Streitigkeiten zu nutzen. Wir sind nicht verpflichtet, am Verfahren vor der Schlichtungsstelle teilzunehmen. \u00dcber die Teilnahme entscheiden wir im Einzelfall.<\/p>\n<p><strong>Dienstleistung und Verg\u00fctung:<\/strong><\/p>\n<p>Die rentcard GmbH arbeitet als zugelassener Versicherungsvertreter mit Versicherungsgesellschaften zusammen, um Versicherungsprodukte unter der Marke rentcard zu entwickeln. Wir \u00fcbernehmen die Vermittlung und Verwaltung dieser rentcard-Versicherungsprodukte im Auftrag der Versicherungsgesellschaften. Das beinhaltet die Unterst\u00fctzung beim Vertragsabschluss, die Einziehung der Pr\u00e4mien und die Abwicklung im Schadenfall. Die Vertragspartner f\u00fcr diese Versicherungsvertr\u00e4ge sind die jeweiligen Versicherungsgesellschaften. Unsere Verg\u00fctung, auch Provision genannt, wird ausschlie\u00dflich von den Versicherungsunternehmen gezahlt, deren Produkte wir vermitteln. Zus\u00e4tzliche Verg\u00fctungen wie Bonifikationen, Zusch\u00fcsse oder Sachleistungen k\u00f6nnen ebenfalls Teil der Versicherungspr\u00e4mie sein.<\/p>\n<p>Wir bieten eine Beratung ausschlie\u00dflich \u00fcber den Abschluss einer Mietkautionsversicherung an, wobei wir nur an die SVG Service und Vertrieb S\u00fcd GmbH vermitteln.<\/p>\n<p>Stand 04\/2024<\/p>\t\t\t\t\t\t<\/div>\n\t\t\t\t<\/div>\n\t\t\t\t\t<\/div>\n\t\t<\/div>\n\t\t\t\t\t<\/div>\n\t\t<\/section>\n\t\t\t\t<\/div>","protected":false},"excerpt":{"rendered":"<p>First information Initial information for insurance intermediaries in accordance with \u00a715 VersVermV Company and address of the intermediary: rentcard GmbHLeopoldstra\u00dfe [&hellip;]<\/p>","protected":false},"author":6,"featured_media":0,"parent":0,"menu_order":20,"comment_status":"closed","ping_status":"closed","template":"elementor_header_footer","meta":{"site-sidebar-layout":"no-sidebar","site-content-layout":"","ast-site-content-layout":"full-width-container","site-content-style":"default","site-sidebar-style":"default","ast-global-header-display":"","ast-banner-title-visibility":"","ast-main-header-display":"","ast-hfb-above-header-display":"","ast-hfb-below-header-display":"","ast-hfb-mobile-header-display":"","site-post-title":"disabled","ast-breadcrumbs-content":"","ast-featured-img":"disabled","footer-sml-layout":"","theme-transparent-header-meta":"default","adv-header-id-meta":"","stick-header-meta":"","header-above-stick-meta":"","header-main-stick-meta":"","header-below-stick-meta":"","astra-migrate-meta-layouts":"set","ast-page-background-enabled":"default","ast-page-background-meta":{"desktop":{"background-color":"var(--ast-global-color-4)","background-image":"","background-repeat":"repeat","background-position":"center center","background-size":"auto","background-attachment":"scroll","background-type":"","background-media":"","overlay-type":"","overlay-color":"","overlay-gradient":""},"tablet":{"background-color":"","background-image":"","background-repeat":"repeat","background-position":"center center","background-size":"auto","background-attachment":"scroll","background-type":"","background-media":"","overlay-type":"","overlay-color":"","overlay-gradient":""},"mobile":{"background-color":"","background-image":"","background-repeat":"repeat","background-position":"center center","background-size":"auto","background-attachment":"scroll","background-type":"","background-media":"","overlay-type":"","overlay-color":"","overlay-gradient":""}},"ast-content-background-meta":{"desktop":{"background-color":"var(--ast-global-color-5)","background-image":"","background-repeat":"repeat","background-position":"center center","background-size":"auto","background-attachment":"scroll","background-type":"","background-media":"","overlay-type":"","overlay-color":"","overlay-gradient":""},"tablet":{"background-color":"var(--ast-global-color-5)","background-image":"","background-repeat":"repeat","background-position":"center center","background-size":"auto","background-attachment":"scroll","background-type":"","background-media":"","overlay-type":"","overlay-color":"","overlay-gradient":""},"mobile":{"background-color":"var(--ast-global-color-5)","background-image":"","background-repeat":"repeat","background-position":"center center","background-size":"auto","background-attachment":"scroll","background-type":"","background-media":"","overlay-type":"","overlay-color":"","overlay-gradient":""}},"footnotes":""},"yoast_head":"<!-- This site is optimized with the Yoast SEO Premium plugin v22.2 (Yoast SEO v22.2) - https:\/\/yoast.com\/wordpress\/plugins\/seo\/ -->\n<title>First information about our deposit insurance - rentcard<\/title>\n<meta name=\"description\" content=\"Here you can find all the first information and the deposit insurance of rentcard. Basic information about the company.\" \/>\n<meta name=\"robots\" content=\"index, follow, max-snippet:-1, max-image-preview:large, max-video-preview:-1\" \/>\n<link rel=\"canonical\" href=\"https:\/\/www.rentcard.app\/de\/erstinformation\/\" \/>\n<meta property=\"og:locale\" content=\"de_DE\" \/>\n<meta property=\"og:type\" content=\"article\" \/>\n<meta property=\"og:title\" content=\"First information about renctcard\" \/>\n<meta property=\"og:description\" content=\"Here you can find all the first information and the deposit insurance of rentcard. Basic information about the company.\" \/>\n<meta property=\"og:url\" content=\"https:\/\/www.rentcard.app\/de\/erstinformation\/\" \/>\n<meta property=\"og:site_name\" content=\"rentcard\" \/>\n<meta property=\"article:modified_time\" content=\"2025-05-08T10:26:34+00:00\" \/>\n<meta property=\"og:image\" content=\"https:\/\/www.rentcard.app\/wp-content\/uploads\/2023\/05\/Icon.png\" \/>\n\t<meta property=\"og:image:width\" content=\"1666\" \/>\n\t<meta property=\"og:image:height\" content=\"1666\" \/>\n\t<meta property=\"og:image:type\" content=\"image\/png\" \/>\n<meta name=\"twitter:card\" content=\"summary_large_image\" \/>\n<meta name=\"twitter:title\" content=\"Rental application online for smart tenants and efficient landlords\" \/>\n<meta name=\"twitter:description\" content=\"Rental applications make easy, fast and secure for tenants and landlords. Create your rental application folder online with a few clicks.\" \/>\n<meta name=\"twitter:label1\" content=\"Gesch\u00e4tzte Lesezeit\" \/>\n\t<meta name=\"twitter:data1\" content=\"2\u00a0Minuten\" \/>\n<script type=\"application\/ld+json\" class=\"yoast-schema-graph\">{\"@context\":\"https:\/\/schema.org\",\"@graph\":[{\"@type\":\"WebPage\",\"@id\":\"https:\/\/www.rentcard.app\/erstinformation\/\",\"url\":\"https:\/\/www.rentcard.app\/erstinformation\/\",\"name\":\"First information about our deposit insurance - rentcard\",\"isPartOf\":{\"@id\":\"https:\/\/www.rentcard.app\/#website\"},\"datePublished\":\"2024-04-24T14:59:54+00:00\",\"dateModified\":\"2025-05-08T10:26:34+00:00\",\"description\":\"Here you can find all the first information and the deposit insurance of rentcard. Basic information about the company.\",\"breadcrumb\":{\"@id\":\"https:\/\/www.rentcard.app\/erstinformation\/#breadcrumb\"},\"inLanguage\":\"de\",\"potentialAction\":[{\"@type\":\"ReadAction\",\"target\":[\"https:\/\/www.rentcard.app\/erstinformation\/\"]}]},{\"@type\":\"BreadcrumbList\",\"@id\":\"https:\/\/www.rentcard.app\/erstinformation\/#breadcrumb\",\"itemListElement\":[{\"@type\":\"ListItem\",\"position\":1,\"name\":\"Home\",\"item\":\"https:\/\/www.rentcard.app\/\"},{\"@type\":\"ListItem\",\"position\":2,\"name\":\"erstinformation\"}]},{\"@type\":\"WebSite\",\"@id\":\"https:\/\/www.rentcard.app\/#website\",\"url\":\"https:\/\/www.rentcard.app\/\",\"name\":\"rentcard\",\"description\":\"For smart tenants and efficient landlords\",\"publisher\":{\"@id\":\"https:\/\/www.rentcard.app\/#organization\"},\"potentialAction\":[{\"@type\":\"SearchAction\",\"target\":{\"@type\":\"EntryPoint\",\"urlTemplate\":\"https:\/\/www.rentcard.app\/?s={search_term_string}\"},\"query-input\":\"required name=search_term_string\"}],\"inLanguage\":\"de\"},{\"@type\":\"Organization\",\"@id\":\"https:\/\/www.rentcard.app\/#organization\",\"name\":\"rentcard\",\"url\":\"https:\/\/www.rentcard.app\/\",\"logo\":{\"@type\":\"ImageObject\",\"inLanguage\":\"de\",\"@id\":\"https:\/\/www.rentcard.app\/#\/schema\/logo\/image\/\",\"url\":\"https:\/\/www.rentcard.app\/wp-content\/uploads\/2023\/05\/Icon.png\",\"contentUrl\":\"https:\/\/www.rentcard.app\/wp-content\/uploads\/2023\/05\/Icon.png\",\"width\":1666,\"height\":1666,\"caption\":\"rentcard\"},\"image\":{\"@id\":\"https:\/\/www.rentcard.app\/#\/schema\/logo\/image\/\"},\"sameAs\":[\"https:\/\/www.linkedin.com\/company\/rentcard\/\"]}]}<\/script>\n<!-- \/ Yoast SEO Premium plugin. -->","yoast_head_json":{"title":"First information about our deposit insurance - rentcard","description":"Here you can find all the first information and the deposit insurance of rentcard. Basic information about the company.","robots":{"index":"index","follow":"follow","max-snippet":"max-snippet:-1","max-image-preview":"max-image-preview:large","max-video-preview":"max-video-preview:-1"},"canonical":"https:\/\/www.rentcard.app\/de\/erstinformation\/","og_locale":"de_DE","og_type":"article","og_title":"First information about renctcard","og_description":"Here you can find all the first information and the deposit insurance of rentcard. Basic information about the company.","og_url":"https:\/\/www.rentcard.app\/de\/erstinformation\/","og_site_name":"rentcard","article_modified_time":"2025-05-08T10:26:34+00:00","og_image":[{"width":1666,"height":1666,"url":"https:\/\/www.rentcard.app\/wp-content\/uploads\/2023\/05\/Icon.png","type":"image\/png"}],"twitter_card":"summary_large_image","twitter_title":"Rental application online for smart tenants and efficient landlords","twitter_description":"Rental applications make easy, fast and secure for tenants and landlords. Create your rental application folder online with a few clicks.","twitter_misc":{"Gesch\u00e4tzte Lesezeit":"2\u00a0Minuten"},"schema":{"@context":"https:\/\/schema.org","@graph":[{"@type":"WebPage","@id":"https:\/\/www.rentcard.app\/erstinformation\/","url":"https:\/\/www.rentcard.app\/erstinformation\/","name":"First information about our deposit insurance - rentcard","isPartOf":{"@id":"https:\/\/www.rentcard.app\/#website"},"datePublished":"2024-04-24T14:59:54+00:00","dateModified":"2025-05-08T10:26:34+00:00","description":"Here you can find all the first information and the deposit insurance of rentcard. Basic information about the company.","breadcrumb":{"@id":"https:\/\/www.rentcard.app\/erstinformation\/#breadcrumb"},"inLanguage":"de","potentialAction":[{"@type":"ReadAction","target":["https:\/\/www.rentcard.app\/erstinformation\/"]}]},{"@type":"BreadcrumbList","@id":"https:\/\/www.rentcard.app\/erstinformation\/#breadcrumb","itemListElement":[{"@type":"ListItem","position":1,"name":"Home","item":"https:\/\/www.rentcard.app\/"},{"@type":"ListItem","position":2,"name":"erstinformation"}]},{"@type":"WebSite","@id":"https:\/\/www.rentcard.app\/#website","url":"https:\/\/www.rentcard.app\/","name":"rentcard","description":"For smart tenants and efficient landlords","publisher":{"@id":"https:\/\/www.rentcard.app\/#organization"},"potentialAction":[{"@type":"SearchAction","target":{"@type":"EntryPoint","urlTemplate":"https:\/\/www.rentcard.app\/?s={search_term_string}"},"query-input":"required name=search_term_string"}],"inLanguage":"de"},{"@type":"Organization","@id":"https:\/\/www.rentcard.app\/#organization","name":"rentcard","url":"https:\/\/www.rentcard.app\/","logo":{"@type":"ImageObject","inLanguage":"de","@id":"https:\/\/www.rentcard.app\/#\/schema\/logo\/image\/","url":"https:\/\/www.rentcard.app\/wp-content\/uploads\/2023\/05\/Icon.png","contentUrl":"https:\/\/www.rentcard.app\/wp-content\/uploads\/2023\/05\/Icon.png","width":1666,"height":1666,"caption":"rentcard"},"image":{"@id":"https:\/\/www.rentcard.app\/#\/schema\/logo\/image\/"},"sameAs":["https:\/\/www.linkedin.com\/company\/rentcard\/"]}]}},"acf":[],"_links":{"self":[{"href":"https:\/\/www.rentcard.app\/de\/wp-json\/wp\/v2\/pages\/5577"}],"collection":[{"href":"https:\/\/www.rentcard.app\/de\/wp-json\/wp\/v2\/pages"}],"about":[{"href":"https:\/\/www.rentcard.app\/de\/wp-json\/wp\/v2\/types\/page"}],"author":[{"embeddable":true,"href":"https:\/\/www.rentcard.app\/de\/wp-json\/wp\/v2\/users\/6"}],"replies":[{"embeddable":true,"href":"https:\/\/www.rentcard.app\/de\/wp-json\/wp\/v2\/comments?post=5577"}],"version-history":[{"count":28,"href":"https:\/\/www.rentcard.app\/de\/wp-json\/wp\/v2\/pages\/5577\/revisions"}],"predecessor-version":[{"id":7987,"href":"https:\/\/www.rentcard.app\/de\/wp-json\/wp\/v2\/pages\/5577\/revisions\/7987"}],"wp:attachment":[{"href":"https:\/\/www.rentcard.app\/de\/wp-json\/wp\/v2\/media?parent=5577"}],"curies":[{"name":"wp","href":"https:\/\/api.w.org\/{rel}","templated":true}]}}