{"id":193,"date":"2023-05-30T15:04:56","date_gmt":"2023-05-30T15:04:56","guid":{"rendered":"https:\/\/www.rentcard.app\/?page_id=193"},"modified":"2026-04-17T10:01:17","modified_gmt":"2026-04-17T10:01:17","slug":"privacy-policy","status":"publish","type":"page","link":"https:\/\/www.rentcard.app\/de\/datenschutz\/","title":{"rendered":"Datenschutzerkl\u00e4rung"},"content":{"rendered":"<div data-elementor-type=\"wp-page\" data-elementor-id=\"193\" class=\"elementor elementor-193\" data-elementor-post-type=\"page\">\n\t\t\t\t\t\t<section class=\"elementor-section elementor-top-section elementor-element elementor-element-da9b040 elementor-section-stretched elementor-section-boxed elementor-section-height-default elementor-section-height-default\" data-id=\"da9b040\" data-element_type=\"section\" data-settings=\"{&quot;stretch_section&quot;:&quot;section-stretched&quot;}\">\n\t\t\t\t\t\t<div class=\"elementor-container elementor-column-gap-default\">\n\t\t\t\t\t<div class=\"elementor-column elementor-col-100 elementor-top-column elementor-element elementor-element-5820eb7\" data-id=\"5820eb7\" data-element_type=\"column\">\n\t\t\t<div class=\"elementor-widget-wrap elementor-element-populated\">\n\t\t\t\t\t\t<section class=\"elementor-section elementor-inner-section elementor-element elementor-element-57d6315 elementor-section-full_width elementor-section-height-default elementor-section-height-default\" data-id=\"57d6315\" data-element_type=\"section\">\n\t\t\t\t\t\t<div class=\"elementor-container elementor-column-gap-default\">\n\t\t\t\t\t<div class=\"elementor-column elementor-col-100 elementor-inner-column elementor-element elementor-element-3728f1d\" data-id=\"3728f1d\" data-element_type=\"column\">\n\t\t\t<div class=\"elementor-widget-wrap elementor-element-populated\">\n\t\t\t\t\t\t<div class=\"elementor-element elementor-element-c4e1814 elementor-widget-tablet__width-initial elementor-widget elementor-widget-heading\" data-id=\"c4e1814\" data-element_type=\"widget\" data-widget_type=\"heading.default\">\n\t\t\t\t<div class=\"elementor-widget-container\">\n\t\t\t<style>\/*! elementor - v3.19.0 - 29-01-2024 *\/\n.elementor-heading-title{padding:0;margin:0;line-height:1}.elementor-widget-heading .elementor-heading-title[class*=elementor-size-]>a{color:inherit;font-size:inherit;line-height:inherit}.elementor-widget-heading .elementor-heading-title.elementor-size-small{font-size:15px}.elementor-widget-heading .elementor-heading-title.elementor-size-medium{font-size:19px}.elementor-widget-heading .elementor-heading-title.elementor-size-large{font-size:29px}.elementor-widget-heading .elementor-heading-title.elementor-size-xl{font-size:39px}.elementor-widget-heading .elementor-heading-title.elementor-size-xxl{font-size:59px}<\/style><h2 class=\"elementor-heading-title elementor-size-default\">Datenschutzrichtlinie<\/h2>\t\t<\/div>\n\t\t\t\t<\/div>\n\t\t\t\t\t<\/div>\n\t\t<\/div>\n\t\t\t\t\t<\/div>\n\t\t<\/section>\n\t\t\t\t\t<\/div>\n\t\t<\/div>\n\t\t\t\t\t<\/div>\n\t\t<\/section>\n\t\t\t\t<section class=\"elementor-section elementor-top-section elementor-element elementor-element-65d28149 elementor-section-boxed elementor-section-height-default elementor-section-height-default\" data-id=\"65d28149\" data-element_type=\"section\">\n\t\t\t\t\t\t<div class=\"elementor-container elementor-column-gap-default\">\n\t\t\t\t\t<div class=\"elementor-column elementor-col-100 elementor-top-column elementor-element elementor-element-1f392fa\" data-id=\"1f392fa\" data-element_type=\"column\" data-settings=\"{&quot;background_background&quot;:&quot;classic&quot;}\">\n\t\t\t<div class=\"elementor-widget-wrap elementor-element-populated\">\n\t\t\t\t\t\t<div class=\"elementor-element elementor-element-39d2129 elementor-widget elementor-widget-text-editor\" data-id=\"39d2129\" data-element_type=\"widget\" data-widget_type=\"text-editor.default\">\n\t\t\t\t<div class=\"elementor-widget-container\">\n\t\t\t<style>\/*! elementor - v3.19.0 - 29-01-2024 *\/\n.elementor-widget-text-editor.elementor-drop-cap-view-stacked .elementor-drop-cap{background-color:#69727d;color:#fff}.elementor-widget-text-editor.elementor-drop-cap-view-framed .elementor-drop-cap{color:#69727d;border:3px solid;background-color:transparent}.elementor-widget-text-editor:not(.elementor-drop-cap-view-default) .elementor-drop-cap{margin-top:8px}.elementor-widget-text-editor:not(.elementor-drop-cap-view-default) .elementor-drop-cap-letter{width:1em;height:1em}.elementor-widget-text-editor .elementor-drop-cap{float:left;text-align:center;line-height:1;font-size:50px}.elementor-widget-text-editor .elementor-drop-cap-letter{display:inline-block}<\/style>\t\t\t\t<div><p><\/p><\/div>\t\t\t\t\t\t<\/div>\n\t\t\t\t<\/div>\n\t\t\t\t<div class=\"elementor-element elementor-element-06368d3 elementor-widget elementor-widget-html\" data-id=\"06368d3\" data-element_type=\"widget\" data-widget_type=\"html.default\">\n\t\t\t\t<div class=\"elementor-widget-container\">\n\t\t\t<style>\n  @import url('https:\/\/fonts.googleapis.com\/css2?family=Poppins:wght@400;500&display=swap');\n  .rc-wrap { max-width: 680px; margin: 0 auto; padding: 2rem 1rem; font-family: 'Poppins', sans-serif; font-weight: 400; }\n  .rc-intro { font-size: 15px; color: #666; margin: 0 0 2rem; line-height: 1.6; }\n  .rc-cards { display: grid; grid-template-columns: repeat(auto-fit, minmax(260px, 1fr)); gap: 16px; }\n  .rc-card { background: #fff; border: 1px solid #e0e0e0; border-radius: 12px; padding: 1.5rem; text-decoration: none; display: flex; flex-direction: column; gap: 8px; transition: border-color 0.15s, background 0.15s; }\n  .rc-card:hover { border-color: #378ADD; background: #f9f9f9; }\n  .rc-card-title { font-size: 15px; font-weight: 400; color: #111; margin: 0; }\n  .rc-card-desc { font-size: 13px; color: #666; margin: 0; line-height: 1.5; }\n  .rc-arrow { margin-top: auto; padding-top: 8px; font-size: 13px; color: #378ADD; font-weight: 400; }\n<\/style>\n\n<div class=\"rc-wrap\">\n  <p class=\"rc-intro\">Bitte w\u00e4hlen Sie die Datenschutzerkl\u00e4rung aus, die f\u00fcr Ihre Nutzung unseres Dienstes gilt.<\/p>\n  <div class=\"rc-cards\">\n    <a class=\"rc-card\" href=\"https:\/\/www.rentcard.app\/de\/datenschutz\/bewerbermappe\/\">\n      <p class=\"rc-card-title\">Eigenst\u00e4ndige Nutzung<\/p>\n      <p class=\"rc-card-desc\">Datenschutzerkl\u00e4rung f\u00fcr Mieter, die die digitale Bewerbermappe nutzen.<\/p>\n      <span class=\"rc-arrow\">Weiterlesen \u2192<\/span>\n    <\/a>\n    <a class=\"rc-card\" href=\"https:\/\/www.rentcard.app\/de\/datenschutz\/verifizierung-fuer-vermieter\/\">\n      <p class=\"rc-card-title\">Nutzung auf Einladung eines Vermieters<\/p>\n      <p class=\"rc-card-desc\">Datenschutzerkl\u00e4rung f\u00fcr Mieter, die den Service zur Mieter\u00fcberpr\u00fcfung nutzen.<\/p>\n      <span class=\"rc-arrow\">Weiterlesen \u2192<\/span>\n    <\/a>\n  <\/div>\n<\/div>\t\t<\/div>\n\t\t\t\t<\/div>\n\t\t\t\t\t<\/div>\n\t\t<\/div>\n\t\t\t\t\t<\/div>\n\t\t<\/section>\n\t\t\t\t<\/div>","protected":false},"excerpt":{"rendered":"<p>Privacy policy Please select the privacy policy that applies to your use of our service. Independent use Privacy policy for [&hellip;]<\/p>","protected":false},"author":1,"featured_media":0,"parent":0,"menu_order":40,"comment_status":"closed","ping_status":"closed","template":"elementor_theme","meta":{"site-sidebar-layout":"default","site-content-layout":"","ast-site-content-layout":"default","site-content-style":"default","site-sidebar-style":"default","ast-global-header-display":"","ast-banner-title-visibility":"","ast-main-header-display":"","ast-hfb-above-header-display":"","ast-hfb-below-header-display":"","ast-hfb-mobile-header-display":"","site-post-title":"","ast-breadcrumbs-content":"","ast-featured-img":"","footer-sml-layout":"","theme-transparent-header-meta":"default","adv-header-id-meta":"","stick-header-meta":"","header-above-stick-meta":"","header-main-stick-meta":"","header-below-stick-meta":"","astra-migrate-meta-layouts":"set","ast-page-background-enabled":"default","ast-page-background-meta":{"desktop":{"background-color":"var(--ast-global-color-4)","background-image":"","background-repeat":"repeat","background-position":"center center","background-size":"auto","background-attachment":"scroll","background-type":"","background-media":"","overlay-type":"","overlay-color":"","overlay-gradient":""},"tablet":{"background-color":"","background-image":"","background-repeat":"repeat","background-position":"center center","background-size":"auto","background-attachment":"scroll","background-type":"","background-media":"","overlay-type":"","overlay-color":"","overlay-gradient":""},"mobile":{"background-color":"","background-image":"","background-repeat":"repeat","background-position":"center center","background-size":"auto","background-attachment":"scroll","background-type":"","background-media":"","overlay-type":"","overlay-color":"","overlay-gradient":""}},"ast-content-background-meta":{"desktop":{"background-color":"var(--ast-global-color-5)","background-image":"","background-repeat":"repeat","background-position":"center center","background-size":"auto","background-attachment":"scroll","background-type":"","background-media":"","overlay-type":"","overlay-color":"","overlay-gradient":""},"tablet":{"background-color":"var(--ast-global-color-5)","background-image":"","background-repeat":"repeat","background-position":"center center","background-size":"auto","background-attachment":"scroll","background-type":"","background-media":"","overlay-type":"","overlay-color":"","overlay-gradient":""},"mobile":{"background-color":"var(--ast-global-color-5)","background-image":"","background-repeat":"repeat","background-position":"center center","background-size":"auto","background-attachment":"scroll","background-type":"","background-media":"","overlay-type":"","overlay-color":"","overlay-gradient":""}},"footnotes":""},"yoast_head":"<!-- This site is optimized with the Yoast SEO Premium plugin v22.2 (Yoast SEO v22.2) - https:\/\/yoast.com\/wordpress\/plugins\/seo\/ -->\n<title>Privacy Policy | Your Data Protection and Security<\/title>\n<meta name=\"description\" content=\"Learn how we collect, use, and protect your personal information. Read our Privacy Policy for details on data security and your rights\" \/>\n<meta name=\"robots\" content=\"index, nofollow, max-snippet:-1, max-image-preview:large, max-video-preview:-1\" \/>\n<link rel=\"canonical\" href=\"https:\/\/www.rentcard.app\/de\/datenschutz\/\" \/>\n<meta property=\"og:locale\" content=\"de_DE\" \/>\n<meta property=\"og:type\" content=\"article\" \/>\n<meta property=\"og:title\" content=\"Privacy Policy | Your Data Protection and Security\" \/>\n<meta property=\"og:description\" content=\"Learn how we collect, use, and protect your personal information. Read our Privacy Policy for details on data security and your rights\" \/>\n<meta property=\"og:url\" content=\"https:\/\/www.rentcard.app\/de\/datenschutz\/\" \/>\n<meta property=\"og:site_name\" content=\"rentcard\" \/>\n<meta property=\"article:modified_time\" content=\"2026-04-17T10:01:17+00:00\" \/>\n<meta property=\"og:image\" content=\"https:\/\/www.rentcard.app\/wp-content\/uploads\/2023\/05\/Icon.png\" \/>\n\t<meta property=\"og:image:width\" content=\"1666\" \/>\n\t<meta property=\"og:image:height\" content=\"1666\" \/>\n\t<meta property=\"og:image:type\" content=\"image\/png\" \/>\n<meta name=\"twitter:card\" content=\"summary_large_image\" \/>\n<meta name=\"twitter:title\" content=\"Rental application online for smart tenants and efficient landlords\" \/>\n<meta name=\"twitter:description\" content=\"Rental applications make easy, fast and secure for tenants and landlords. Create your rental application folder online with a few clicks.\" \/>\n<meta name=\"twitter:label1\" content=\"Gesch\u00e4tzte Lesezeit\" \/>\n\t<meta name=\"twitter:data1\" content=\"1\u00a0Minute\" \/>\n<script type=\"application\/ld+json\" class=\"yoast-schema-graph\">{\"@context\":\"https:\/\/schema.org\",\"@graph\":[{\"@type\":\"WebPage\",\"@id\":\"https:\/\/www.rentcard.app\/de\/datenschutz\/\",\"url\":\"https:\/\/www.rentcard.app\/en\/privacy-policy\/\",\"name\":\"Privacy Policy | Your Data Protection and Security\",\"isPartOf\":{\"@id\":\"https:\/\/www.rentcard.app\/#website\"},\"datePublished\":\"2023-05-30T15:04:56+00:00\",\"dateModified\":\"2026-04-17T10:01:17+00:00\",\"description\":\"Learn how we collect, use, and protect your personal information. Read our Privacy Policy for details on data security and your rights\",\"breadcrumb\":{\"@id\":\"https:\/\/www.rentcard.app\/en\/privacy-policy\/#breadcrumb\"},\"inLanguage\":\"de\",\"potentialAction\":[{\"@type\":\"ReadAction\",\"target\":[\"https:\/\/www.rentcard.app\/en\/privacy-policy\/\"]}]},{\"@type\":\"BreadcrumbList\",\"@id\":\"https:\/\/www.rentcard.app\/en\/privacy-policy\/#breadcrumb\",\"itemListElement\":[{\"@type\":\"ListItem\",\"position\":1,\"name\":\"Home\",\"item\":\"https:\/\/www.rentcard.app\/\"},{\"@type\":\"ListItem\",\"position\":2,\"name\":\"Privacy Policy\"}]},{\"@type\":\"WebSite\",\"@id\":\"https:\/\/www.rentcard.app\/#website\",\"url\":\"https:\/\/www.rentcard.app\/\",\"name\":\"rentcard\",\"description\":\"For smart tenants and efficient landlords\",\"publisher\":{\"@id\":\"https:\/\/www.rentcard.app\/#organization\"},\"potentialAction\":[{\"@type\":\"SearchAction\",\"target\":{\"@type\":\"EntryPoint\",\"urlTemplate\":\"https:\/\/www.rentcard.app\/?s={search_term_string}\"},\"query-input\":\"required name=search_term_string\"}],\"inLanguage\":\"de\"},{\"@type\":\"Organization\",\"@id\":\"https:\/\/www.rentcard.app\/#organization\",\"name\":\"rentcard\",\"url\":\"https:\/\/www.rentcard.app\/\",\"logo\":{\"@type\":\"ImageObject\",\"inLanguage\":\"de\",\"@id\":\"https:\/\/www.rentcard.app\/#\/schema\/logo\/image\/\",\"url\":\"https:\/\/www.rentcard.app\/wp-content\/uploads\/2023\/05\/Icon.png\",\"contentUrl\":\"https:\/\/www.rentcard.app\/wp-content\/uploads\/2023\/05\/Icon.png\",\"width\":1666,\"height\":1666,\"caption\":\"rentcard\"},\"image\":{\"@id\":\"https:\/\/www.rentcard.app\/#\/schema\/logo\/image\/\"},\"sameAs\":[\"https:\/\/www.linkedin.com\/company\/rentcard\/\"]}]}<\/script>\n<!-- \/ Yoast SEO Premium plugin. -->","yoast_head_json":{"title":"Privacy Policy | Your Data Protection and Security","description":"Learn how we collect, use, and protect your personal information. Read our Privacy Policy for details on data security and your rights","robots":{"index":"index","follow":"nofollow","max-snippet":"max-snippet:-1","max-image-preview":"max-image-preview:large","max-video-preview":"max-video-preview:-1"},"canonical":"https:\/\/www.rentcard.app\/de\/datenschutz\/","og_locale":"de_DE","og_type":"article","og_title":"Privacy Policy | Your Data Protection and Security","og_description":"Learn how we collect, use, and protect your personal information. Read our Privacy Policy for details on data security and your rights","og_url":"https:\/\/www.rentcard.app\/de\/datenschutz\/","og_site_name":"rentcard","article_modified_time":"2026-04-17T10:01:17+00:00","og_image":[{"width":1666,"height":1666,"url":"https:\/\/www.rentcard.app\/wp-content\/uploads\/2023\/05\/Icon.png","type":"image\/png"}],"twitter_card":"summary_large_image","twitter_title":"Rental application online for smart tenants and efficient landlords","twitter_description":"Rental applications make easy, fast and secure for tenants and landlords. Create your rental application folder online with a few clicks.","twitter_misc":{"Gesch\u00e4tzte Lesezeit":"1\u00a0Minute"},"schema":{"@context":"https:\/\/schema.org","@graph":[{"@type":"WebPage","@id":"https:\/\/www.rentcard.app\/de\/datenschutz\/","url":"https:\/\/www.rentcard.app\/en\/privacy-policy\/","name":"Privacy Policy | Your Data Protection and Security","isPartOf":{"@id":"https:\/\/www.rentcard.app\/#website"},"datePublished":"2023-05-30T15:04:56+00:00","dateModified":"2026-04-17T10:01:17+00:00","description":"Learn how we collect, use, and protect your personal information. Read our Privacy Policy for details on data security and your rights","breadcrumb":{"@id":"https:\/\/www.rentcard.app\/en\/privacy-policy\/#breadcrumb"},"inLanguage":"de","potentialAction":[{"@type":"ReadAction","target":["https:\/\/www.rentcard.app\/en\/privacy-policy\/"]}]},{"@type":"BreadcrumbList","@id":"https:\/\/www.rentcard.app\/en\/privacy-policy\/#breadcrumb","itemListElement":[{"@type":"ListItem","position":1,"name":"Home","item":"https:\/\/www.rentcard.app\/"},{"@type":"ListItem","position":2,"name":"Privacy Policy"}]},{"@type":"WebSite","@id":"https:\/\/www.rentcard.app\/#website","url":"https:\/\/www.rentcard.app\/","name":"rentcard","description":"For smart tenants and efficient landlords","publisher":{"@id":"https:\/\/www.rentcard.app\/#organization"},"potentialAction":[{"@type":"SearchAction","target":{"@type":"EntryPoint","urlTemplate":"https:\/\/www.rentcard.app\/?s={search_term_string}"},"query-input":"required name=search_term_string"}],"inLanguage":"de"},{"@type":"Organization","@id":"https:\/\/www.rentcard.app\/#organization","name":"rentcard","url":"https:\/\/www.rentcard.app\/","logo":{"@type":"ImageObject","inLanguage":"de","@id":"https:\/\/www.rentcard.app\/#\/schema\/logo\/image\/","url":"https:\/\/www.rentcard.app\/wp-content\/uploads\/2023\/05\/Icon.png","contentUrl":"https:\/\/www.rentcard.app\/wp-content\/uploads\/2023\/05\/Icon.png","width":1666,"height":1666,"caption":"rentcard"},"image":{"@id":"https:\/\/www.rentcard.app\/#\/schema\/logo\/image\/"},"sameAs":["https:\/\/www.linkedin.com\/company\/rentcard\/"]}]}},"acf":[],"_links":{"self":[{"href":"https:\/\/www.rentcard.app\/de\/wp-json\/wp\/v2\/pages\/193"}],"collection":[{"href":"https:\/\/www.rentcard.app\/de\/wp-json\/wp\/v2\/pages"}],"about":[{"href":"https:\/\/www.rentcard.app\/de\/wp-json\/wp\/v2\/types\/page"}],"author":[{"embeddable":true,"href":"https:\/\/www.rentcard.app\/de\/wp-json\/wp\/v2\/users\/1"}],"replies":[{"embeddable":true,"href":"https:\/\/www.rentcard.app\/de\/wp-json\/wp\/v2\/comments?post=193"}],"version-history":[{"count":145,"href":"https:\/\/www.rentcard.app\/de\/wp-json\/wp\/v2\/pages\/193\/revisions"}],"predecessor-version":[{"id":9341,"href":"https:\/\/www.rentcard.app\/de\/wp-json\/wp\/v2\/pages\/193\/revisions\/9341"}],"wp:attachment":[{"href":"https:\/\/www.rentcard.app\/de\/wp-json\/wp\/v2\/media?parent=193"}],"curies":[{"name":"wp","href":"https:\/\/api.w.org\/{rel}","templated":true}]}}