{"id":16,"date":"2023-05-27T10:39:57","date_gmt":"2023-05-27T10:39:57","guid":{"rendered":"https:\/\/www.rentcard.app\/?page_id=16"},"modified":"2026-03-27T08:42:02","modified_gmt":"2026-03-27T08:42:02","slug":"imprint","status":"publish","type":"page","link":"https:\/\/www.rentcard.app\/de\/imprint\/","title":{"rendered":"Impressum"},"content":{"rendered":"<div data-elementor-type=\"wp-page\" data-elementor-id=\"16\" class=\"elementor elementor-16\" data-elementor-post-type=\"page\">\n\t\t\t\t\t\t<section class=\"elementor-section elementor-top-section elementor-element elementor-element-234bfe7 elementor-section-stretched elementor-section-boxed elementor-section-height-default elementor-section-height-default\" data-id=\"234bfe7\" data-element_type=\"section\" data-settings=\"{&quot;stretch_section&quot;:&quot;section-stretched&quot;}\">\n\t\t\t\t\t\t<div class=\"elementor-container elementor-column-gap-default\">\n\t\t\t\t\t<div class=\"elementor-column elementor-col-100 elementor-top-column elementor-element elementor-element-bf5c4aa\" data-id=\"bf5c4aa\" data-element_type=\"column\">\n\t\t\t<div class=\"elementor-widget-wrap elementor-element-populated\">\n\t\t\t\t\t\t<section class=\"elementor-section elementor-inner-section elementor-element elementor-element-c796075 elementor-section-full_width elementor-section-height-default elementor-section-height-default\" data-id=\"c796075\" data-element_type=\"section\">\n\t\t\t\t\t\t<div class=\"elementor-container elementor-column-gap-default\">\n\t\t\t\t\t<div class=\"elementor-column elementor-col-100 elementor-inner-column elementor-element elementor-element-3b12bb4\" data-id=\"3b12bb4\" data-element_type=\"column\">\n\t\t\t<div class=\"elementor-widget-wrap elementor-element-populated\">\n\t\t\t\t\t\t<div class=\"elementor-element elementor-element-ca2b5c6 elementor-widget-tablet__width-initial elementor-widget elementor-widget-heading\" data-id=\"ca2b5c6\" data-element_type=\"widget\" data-widget_type=\"heading.default\">\n\t\t\t\t<div class=\"elementor-widget-container\">\n\t\t\t<style>\/*! elementor - v3.19.0 - 29-01-2024 *\/\n.elementor-heading-title{padding:0;margin:0;line-height:1}.elementor-widget-heading .elementor-heading-title[class*=elementor-size-]>a{color:inherit;font-size:inherit;line-height:inherit}.elementor-widget-heading .elementor-heading-title.elementor-size-small{font-size:15px}.elementor-widget-heading .elementor-heading-title.elementor-size-medium{font-size:19px}.elementor-widget-heading .elementor-heading-title.elementor-size-large{font-size:29px}.elementor-widget-heading .elementor-heading-title.elementor-size-xl{font-size:39px}.elementor-widget-heading .elementor-heading-title.elementor-size-xxl{font-size:59px}<\/style><h2 class=\"elementor-heading-title elementor-size-default\">Impressum<\/h2>\t\t<\/div>\n\t\t\t\t<\/div>\n\t\t\t\t\t<\/div>\n\t\t<\/div>\n\t\t\t\t\t<\/div>\n\t\t<\/section>\n\t\t\t\t\t<\/div>\n\t\t<\/div>\n\t\t\t\t\t<\/div>\n\t\t<\/section>\n\t\t\t\t<section class=\"elementor-section elementor-top-section elementor-element elementor-element-16079b9 elementor-section-boxed elementor-section-height-default elementor-section-height-default\" data-id=\"16079b9\" data-element_type=\"section\">\n\t\t\t\t\t\t<div class=\"elementor-container elementor-column-gap-default\">\n\t\t\t\t\t<div class=\"elementor-column elementor-col-50 elementor-top-column elementor-element elementor-element-08e5473\" data-id=\"08e5473\" data-element_type=\"column\">\n\t\t\t<div class=\"elementor-widget-wrap elementor-element-populated\">\n\t\t\t\t\t\t<section class=\"elementor-section elementor-inner-section elementor-element elementor-element-081f0cc elementor-section-boxed elementor-section-height-default elementor-section-height-default\" data-id=\"081f0cc\" data-element_type=\"section\">\n\t\t\t\t\t\t<div class=\"elementor-container elementor-column-gap-default\">\n\t\t\t\t\t<div class=\"elementor-column elementor-col-100 elementor-inner-column elementor-element elementor-element-445544e\" data-id=\"445544e\" data-element_type=\"column\">\n\t\t\t<div class=\"elementor-widget-wrap elementor-element-populated\">\n\t\t\t\t\t\t<div class=\"elementor-element elementor-element-95785f6 elementor-widget elementor-widget-text-editor\" data-id=\"95785f6\" data-element_type=\"widget\" data-widget_type=\"text-editor.default\">\n\t\t\t\t<div class=\"elementor-widget-container\">\n\t\t\t<style>\/*! elementor - v3.19.0 - 29-01-2024 *\/\n.elementor-widget-text-editor.elementor-drop-cap-view-stacked .elementor-drop-cap{background-color:#69727d;color:#fff}.elementor-widget-text-editor.elementor-drop-cap-view-framed .elementor-drop-cap{color:#69727d;border:3px solid;background-color:transparent}.elementor-widget-text-editor:not(.elementor-drop-cap-view-default) .elementor-drop-cap{margin-top:8px}.elementor-widget-text-editor:not(.elementor-drop-cap-view-default) .elementor-drop-cap-letter{width:1em;height:1em}.elementor-widget-text-editor .elementor-drop-cap{float:left;text-align:center;line-height:1;font-size:50px}.elementor-widget-text-editor .elementor-drop-cap-letter{display:inline-block}<\/style>\t\t\t\t<div>\n<h2>Impressum<\/h2>\n<\/div>\n<div>\n<h3>Informationen nach \u00a7 5 TMG<\/h3>\n<p>rentcard GmbH <br>Leopoldstra\u00dfe 169 a<!-- notionvc: 25d15735-ca26-48bb-861c-10ef0ebc449f --><br>80804 M\u00fcnchen <br>Deutschland<\/p>\n<p><strong>Gesch\u00e4ftsf\u00fchrer:<\/strong><br>Dr. Hendrik Braun<\/p>\n<p><strong>Amtsgericht<\/strong><\/p>\n<p>Amtsgericht M\u00fcnchen <br>Handelsregisternummer: HRB283986<br>USt-IdNr.: DE361929808<\/p>\n<p><b>Vermittlungsregister:<\/b><\/p>\n<p>D-YLFS-KK8SL-52 (<a href=\"https:\/\/www.vermittlerregister.info\/\">https:\/\/www.vermittlerregister.info\/<\/a>)<\/p>\n<p>Versicherungsvertreter mit Erlaubnis nach \u00a7 34d Abs. 1 GewO<\/p>\n<p><strong>Kontakt<\/strong><\/p>\n<p>Telefon: +49 89 2154576 <br>E-Mail: support@rentcard.app<\/p>\n<\/div>\n<p><strong>Inhaltlich verantwortlich gem\u00e4\u00df \u00a7 5 TMG:<\/strong><\/p>\n<p>Dr. Hendrik Braun <br>rentcard GmbH<br>Leopoldstra\u00dfe 169 a<!-- notionvc: 25d15735-ca26-48bb-861c-10ef0ebc449f --><br>80804 M\u00fcnchen <br>Deutschland<\/p>\t\t\t\t\t\t<\/div>\n\t\t\t\t<\/div>\n\t\t\t\t\t<\/div>\n\t\t<\/div>\n\t\t\t\t\t<\/div>\n\t\t<\/section>\n\t\t\t\t\t<\/div>\n\t\t<\/div>\n\t\t\t\t<div class=\"elementor-column elementor-col-50 elementor-top-column elementor-element elementor-element-4929a52\" data-id=\"4929a52\" data-element_type=\"column\">\n\t\t\t<div class=\"elementor-widget-wrap elementor-element-populated\">\n\t\t\t\t\t\t<div class=\"elementor-element elementor-element-9eb24ba elementor-widget elementor-widget-text-editor\" data-id=\"9eb24ba\" data-element_type=\"widget\" data-widget_type=\"text-editor.default\">\n\t\t\t\t<div class=\"elementor-widget-container\">\n\t\t\t\t\t\t\t<div>\u00a0<\/div><p><span style=\"font-size: 1.7em; font-weight: bold;\">Haftungsausschluss<\/span><\/p><div><h3>Haftung f\u00fcr Inhalte<\/h3><p>Als Diensteanbieter sind wir gem\u00e4\u00df \u00a7 7 Abs.1 TMG f\u00fcr eigene Inhalte auf diesen Seiten nach den allgemeinen Gesetzen verantwortlich. Nach \u00a7\u00a7 8 bis 10 TMG sind wir als Diensteanbieter jedoch nicht verpflichtet, \u00fcbermittelte oder gespeicherte fremde Informationen zu \u00fcberwachen oder nach Umst\u00e4nden zu forschen, die auf eine rechtswidrige T\u00e4tigkeit hinweisen. Verpflichtungen zur Entfernung oder Sperrung der Nutzung von Informationen nach den allgemeinen Gesetzen bleiben hiervon unber\u00fchrt. Eine diesbez\u00fcgliche Haftung ist jedoch erst ab dem Zeitpunkt der Kenntnis einer konkreten Rechtsverletzung m\u00f6glich. Bei Bekanntwerden von entsprechenden Rechtsverletzungen werden wir diese Inhalte umgehend entfernen.<\/p><h3>Haftung f\u00fcr Links<\/h3><p>Unser Angebot enth\u00e4lt Links zu externen Webseiten Dritter, auf deren Inhalte wir keinen Einfluss haben. Deshalb k\u00f6nnen wir f\u00fcr diese fremden Inhalte auch keine Gew\u00e4hr \u00fcbernehmen. F\u00fcr die Inhalte der verlinkten Seiten ist stets der jeweilige Anbieter oder Betreiber der Seiten verantwortlich. Die verlinkten Seiten wurden zum Zeitpunkt der Verlinkung auf m\u00f6gliche Rechtsverst\u00f6\u00dfe \u00fcberpr\u00fcft. Rechtswidrige Inhalte waren zum Zeitpunkt der Verlinkung nicht erkennbar. Eine permanente inhaltliche Kontrolle der verlinkten Seiten ist jedoch ohne konkrete Anhaltspunkte einer Rechtsverletzung nicht zumutbar. Bei Bekanntwerden von Rechtsverletzungen werden wir derartige Links umgehend entfernen.<\/p><h3>Urheberrechte<\/h3><p>Die durch die Seitenbetreiber erstellten Inhalte und Werke auf diesen Seiten unterliegen dem deutschen Urheberrecht. Die Vervielf\u00e4ltigung, Bearbeitung, Verbreitung und jede Art der Verwertung au\u00dferhalb der Grenzen des Urheberrechtes bed\u00fcrfen der schriftlichen Zustimmung des jeweiligen Autors bzw. Erstellers. Downloads und Kopien dieser Seite sind nur f\u00fcr den privaten, nicht kommerziellen Gebrauch gestattet. Soweit die Inhalte auf dieser Seite nicht vom Betreiber erstellt wurden, werden die Urheberrechte Dritter beachtet. Insbesondere werden Inhalte Dritter als solche gekennzeichnet. Sollten Sie trotzdem auf eine Urheberrechtsverletzung aufmerksam werden, bitten wir um einen entsprechenden Hinweis. Bei Bekanntwerden von Rechtsverletzungen werden wir derartige Inhalte umgehend entfernen.<\/p><h4>Aufsichtsbeh\u00f6rde<\/h4><p>Industrie- und Handelskammer M\u00fcnchen und Oberbayern,<br \/>Max-Joseph-Stra\u00dfe 2, 80333 M\u00fcnchen<br \/><a href=\"https:\/\/www.ihk-muenchen.de\/de\/\" target=\"_blank\" rel=\"noopener\">https:\/\/www.ihk-muenchen.de\/de\/<\/a><\/p><p>rentcard GmbH arbeitet als zugelassener Versicherungsvertreter mit Versicherungsgesellschaften zusammen, um Versicherungsprodukte unter der Marke rentcard zu vermitteln. Wir vermitteln und verwalten diese rentcard Versicherungsprodukte im Auftrag der Versicherungsgesellschaften. Die Vertragspartner f\u00fcr die Versicherungsvertr\u00e4ge sind die jeweiligen Versicherungsgesellschaften.<\/p><h3 class=\"a-heading\">Beschwerdestellen &#8211; au\u00dfergerichtliche Streitbeilegung<\/h3><p>Versicherungsombudsmann e.V.<\/p><p>Postfach 080632<br \/>10006 Berlin<\/p><p><a href=\"https:\/\/www.versicherungsombudsmann.de\/\">versicherungsombudsmann.de<\/a><\/p><p>Tel: (0800) 36 96 000 (Mo &#8211; Fr von 08.30 &#8211; 17.00 Uhr kostenfrei aus dem deutschen Telefonnetz)<br \/>Tel: (030) 20 60 58 99 (geb\u00fchrenpflichtige Rufnummer f\u00fcr Anrufe aus dem Ausland)<br \/><br \/>Fax: (0800) 36 99 000 (kostenfrei aus dem deutschen Telefonnetz)<br \/>Fax: (030) 20 60 58 98 (geb\u00fchrenpflichtige Rufnummer f\u00fcr Faxe aus dem Ausland)<br \/><br \/>Gem\u00e4\u00df der Richtlinie 2013\/11\/EU hat die EU-Kommission eine Internetplattform zur Online-Beilegung von Streitigkeiten (\u201eOS-Plattform&#8221;) zwischen Unternehmern und Verbrauchern eingerichtet. Diese ist \u00fcber folgendem Link erreichbar: <a href=\"http:\/\/ec.europa.eu\/consumers\/odr\">ec.europa.eu\/consumers\/odr<\/a><\/p><h4>\u00a0<\/h4><\/div>\t\t\t\t\t\t<\/div>\n\t\t\t\t<\/div>\n\t\t\t\t\t<\/div>\n\t\t<\/div>\n\t\t\t\t\t<\/div>\n\t\t<\/section>\n\t\t\t\t<\/div>","protected":false},"excerpt":{"rendered":"<p>Imprint Imprint Information according to \u00a7 5 TMG rentcard GmbH Leopoldstra\u00dfe 169 a80804 Munich Germany Managing Directors:Dr. Hendrik Braun Jurisdiction [&hellip;]<\/p>","protected":false},"author":1,"featured_media":0,"parent":0,"menu_order":38,"comment_status":"closed","ping_status":"closed","template":"elementor_theme","meta":{"site-sidebar-layout":"default","site-content-layout":"","ast-site-content-layout":"","site-content-style":"default","site-sidebar-style":"default","ast-global-header-display":"","ast-banner-title-visibility":"","ast-main-header-display":"","ast-hfb-above-header-display":"","ast-hfb-below-header-display":"","ast-hfb-mobile-header-display":"","site-post-title":"","ast-breadcrumbs-content":"","ast-featured-img":"","footer-sml-layout":"","theme-transparent-header-meta":"","adv-header-id-meta":"","stick-header-meta":"","header-above-stick-meta":"","header-main-stick-meta":"","header-below-stick-meta":"","astra-migrate-meta-layouts":"default","ast-page-background-enabled":"default","ast-page-background-meta":{"desktop":{"background-color":"var(--ast-global-color-4)","background-image":"","background-repeat":"repeat","background-position":"center center","background-size":"auto","background-attachment":"scroll","background-type":"","background-media":"","overlay-type":"","overlay-color":"","overlay-gradient":""},"tablet":{"background-color":"","background-image":"","background-repeat":"repeat","background-position":"center center","background-size":"auto","background-attachment":"scroll","background-type":"","background-media":"","overlay-type":"","overlay-color":"","overlay-gradient":""},"mobile":{"background-color":"","background-image":"","background-repeat":"repeat","background-position":"center center","background-size":"auto","background-attachment":"scroll","background-type":"","background-media":"","overlay-type":"","overlay-color":"","overlay-gradient":""}},"ast-content-background-meta":{"desktop":{"background-color":"var(--ast-global-color-5)","background-image":"","background-repeat":"repeat","background-position":"center center","background-size":"auto","background-attachment":"scroll","background-type":"","background-media":"","overlay-type":"","overlay-color":"","overlay-gradient":""},"tablet":{"background-color":"var(--ast-global-color-5)","background-image":"","background-repeat":"repeat","background-position":"center center","background-size":"auto","background-attachment":"scroll","background-type":"","background-media":"","overlay-type":"","overlay-color":"","overlay-gradient":""},"mobile":{"background-color":"var(--ast-global-color-5)","background-image":"","background-repeat":"repeat","background-position":"center center","background-size":"auto","background-attachment":"scroll","background-type":"","background-media":"","overlay-type":"","overlay-color":"","overlay-gradient":""}},"footnotes":""},"yoast_head":"<!-- This site is optimized with the Yoast SEO Premium plugin v22.2 (Yoast SEO v22.2) - https:\/\/yoast.com\/wordpress\/plugins\/seo\/ -->\n<title>Rental application online for smart tenants and efficient landlords<\/title>\n<meta name=\"description\" content=\"Legal information about rentcard and its tenant service. rentcard is the fast and secure way to create a digital tenant application.\" \/>\n<meta name=\"robots\" content=\"index, nofollow, max-snippet:-1, max-image-preview:large, max-video-preview:-1\" \/>\n<link rel=\"canonical\" href=\"https:\/\/www.rentcard.id\/imprint\/\" \/>\n<meta property=\"og:locale\" content=\"de_DE\" \/>\n<meta property=\"og:type\" content=\"article\" \/>\n<meta property=\"og:title\" content=\"Rental application online for smart tenants and efficient landlords\" \/>\n<meta property=\"og:description\" content=\"Rental applications make easy, fast and secure for tenants and landlords. Create your rental application folder online with a few clicks.\" \/>\n<meta property=\"og:url\" content=\"https:\/\/www.rentcard.id\/imprint\/\" \/>\n<meta property=\"og:site_name\" content=\"rentcard\" \/>\n<meta property=\"article:modified_time\" content=\"2026-03-27T08:42:02+00:00\" \/>\n<meta property=\"og:image\" content=\"https:\/\/www.rentcard.app\/wp-content\/uploads\/2023\/05\/Icon.png\" \/>\n\t<meta property=\"og:image:width\" content=\"1666\" \/>\n\t<meta property=\"og:image:height\" content=\"1666\" \/>\n\t<meta property=\"og:image:type\" content=\"image\/png\" \/>\n<meta name=\"twitter:card\" content=\"summary_large_image\" \/>\n<meta name=\"twitter:label1\" content=\"Gesch\u00e4tzte Lesezeit\" \/>\n\t<meta name=\"twitter:data1\" content=\"3\u00a0Minuten\" \/>\n<script type=\"application\/ld+json\" class=\"yoast-schema-graph\">{\"@context\":\"https:\/\/schema.org\",\"@graph\":[{\"@type\":\"WebPage\",\"@id\":\"https:\/\/www.rentcard.app\/imprint\/\",\"url\":\"https:\/\/www.rentcard.id\/imprint\/\",\"name\":\"Rental application online for smart tenants and efficient landlords\",\"isPartOf\":{\"@id\":\"https:\/\/www.rentcard.app\/#website\"},\"datePublished\":\"2023-05-27T10:39:57+00:00\",\"dateModified\":\"2026-03-27T08:42:02+00:00\",\"description\":\"Legal information about rentcard and its tenant service. rentcard is the fast and secure way to create a digital tenant application.\",\"breadcrumb\":{\"@id\":\"https:\/\/www.rentcard.id\/imprint\/#breadcrumb\"},\"inLanguage\":\"de\",\"potentialAction\":[{\"@type\":\"ReadAction\",\"target\":[\"https:\/\/www.rentcard.id\/imprint\/\"]}]},{\"@type\":\"BreadcrumbList\",\"@id\":\"https:\/\/www.rentcard.id\/imprint\/#breadcrumb\",\"itemListElement\":[{\"@type\":\"ListItem\",\"position\":1,\"name\":\"Home\",\"item\":\"https:\/\/www.rentcard.app\/\"},{\"@type\":\"ListItem\",\"position\":2,\"name\":\"Imprint\"}]},{\"@type\":\"WebSite\",\"@id\":\"https:\/\/www.rentcard.app\/#website\",\"url\":\"https:\/\/www.rentcard.app\/\",\"name\":\"rentcard\",\"description\":\"For smart tenants and efficient landlords\",\"publisher\":{\"@id\":\"https:\/\/www.rentcard.app\/#organization\"},\"potentialAction\":[{\"@type\":\"SearchAction\",\"target\":{\"@type\":\"EntryPoint\",\"urlTemplate\":\"https:\/\/www.rentcard.app\/?s={search_term_string}\"},\"query-input\":\"required name=search_term_string\"}],\"inLanguage\":\"de\"},{\"@type\":\"Organization\",\"@id\":\"https:\/\/www.rentcard.app\/#organization\",\"name\":\"rentcard\",\"url\":\"https:\/\/www.rentcard.app\/\",\"logo\":{\"@type\":\"ImageObject\",\"inLanguage\":\"de\",\"@id\":\"https:\/\/www.rentcard.app\/#\/schema\/logo\/image\/\",\"url\":\"https:\/\/www.rentcard.app\/wp-content\/uploads\/2023\/05\/Icon.png\",\"contentUrl\":\"https:\/\/www.rentcard.app\/wp-content\/uploads\/2023\/05\/Icon.png\",\"width\":1666,\"height\":1666,\"caption\":\"rentcard\"},\"image\":{\"@id\":\"https:\/\/www.rentcard.app\/#\/schema\/logo\/image\/\"},\"sameAs\":[\"https:\/\/www.linkedin.com\/company\/rentcard\/\"]}]}<\/script>\n<!-- \/ Yoast SEO Premium plugin. -->","yoast_head_json":{"title":"Rental application online for smart tenants and efficient landlords","description":"Legal information about rentcard and its tenant service. rentcard is the fast and secure way to create a digital tenant application.","robots":{"index":"index","follow":"nofollow","max-snippet":"max-snippet:-1","max-image-preview":"max-image-preview:large","max-video-preview":"max-video-preview:-1"},"canonical":"https:\/\/www.rentcard.id\/imprint\/","og_locale":"de_DE","og_type":"article","og_title":"Rental application online for smart tenants and efficient landlords","og_description":"Rental applications make easy, fast and secure for tenants and landlords. Create your rental application folder online with a few clicks.","og_url":"https:\/\/www.rentcard.id\/imprint\/","og_site_name":"rentcard","article_modified_time":"2026-03-27T08:42:02+00:00","og_image":[{"width":1666,"height":1666,"url":"https:\/\/www.rentcard.app\/wp-content\/uploads\/2023\/05\/Icon.png","type":"image\/png"}],"twitter_card":"summary_large_image","twitter_misc":{"Gesch\u00e4tzte Lesezeit":"3\u00a0Minuten"},"schema":{"@context":"https:\/\/schema.org","@graph":[{"@type":"WebPage","@id":"https:\/\/www.rentcard.app\/imprint\/","url":"https:\/\/www.rentcard.id\/imprint\/","name":"Rental application online for smart tenants and efficient landlords","isPartOf":{"@id":"https:\/\/www.rentcard.app\/#website"},"datePublished":"2023-05-27T10:39:57+00:00","dateModified":"2026-03-27T08:42:02+00:00","description":"Legal information about rentcard and its tenant service. rentcard is the fast and secure way to create a digital tenant application.","breadcrumb":{"@id":"https:\/\/www.rentcard.id\/imprint\/#breadcrumb"},"inLanguage":"de","potentialAction":[{"@type":"ReadAction","target":["https:\/\/www.rentcard.id\/imprint\/"]}]},{"@type":"BreadcrumbList","@id":"https:\/\/www.rentcard.id\/imprint\/#breadcrumb","itemListElement":[{"@type":"ListItem","position":1,"name":"Home","item":"https:\/\/www.rentcard.app\/"},{"@type":"ListItem","position":2,"name":"Imprint"}]},{"@type":"WebSite","@id":"https:\/\/www.rentcard.app\/#website","url":"https:\/\/www.rentcard.app\/","name":"rentcard","description":"For smart tenants and efficient landlords","publisher":{"@id":"https:\/\/www.rentcard.app\/#organization"},"potentialAction":[{"@type":"SearchAction","target":{"@type":"EntryPoint","urlTemplate":"https:\/\/www.rentcard.app\/?s={search_term_string}"},"query-input":"required name=search_term_string"}],"inLanguage":"de"},{"@type":"Organization","@id":"https:\/\/www.rentcard.app\/#organization","name":"rentcard","url":"https:\/\/www.rentcard.app\/","logo":{"@type":"ImageObject","inLanguage":"de","@id":"https:\/\/www.rentcard.app\/#\/schema\/logo\/image\/","url":"https:\/\/www.rentcard.app\/wp-content\/uploads\/2023\/05\/Icon.png","contentUrl":"https:\/\/www.rentcard.app\/wp-content\/uploads\/2023\/05\/Icon.png","width":1666,"height":1666,"caption":"rentcard"},"image":{"@id":"https:\/\/www.rentcard.app\/#\/schema\/logo\/image\/"},"sameAs":["https:\/\/www.linkedin.com\/company\/rentcard\/"]}]}},"acf":[],"_links":{"self":[{"href":"https:\/\/www.rentcard.app\/de\/wp-json\/wp\/v2\/pages\/16"}],"collection":[{"href":"https:\/\/www.rentcard.app\/de\/wp-json\/wp\/v2\/pages"}],"about":[{"href":"https:\/\/www.rentcard.app\/de\/wp-json\/wp\/v2\/types\/page"}],"author":[{"embeddable":true,"href":"https:\/\/www.rentcard.app\/de\/wp-json\/wp\/v2\/users\/1"}],"replies":[{"embeddable":true,"href":"https:\/\/www.rentcard.app\/de\/wp-json\/wp\/v2\/comments?post=16"}],"version-history":[{"count":108,"href":"https:\/\/www.rentcard.app\/de\/wp-json\/wp\/v2\/pages\/16\/revisions"}],"predecessor-version":[{"id":9264,"href":"https:\/\/www.rentcard.app\/de\/wp-json\/wp\/v2\/pages\/16\/revisions\/9264"}],"wp:attachment":[{"href":"https:\/\/www.rentcard.app\/de\/wp-json\/wp\/v2\/media?parent=16"}],"curies":[{"name":"wp","href":"https:\/\/api.w.org\/{rel}","templated":true}]}}